{"id":2845,"date":"2024-07-31T17:21:28","date_gmt":"2024-07-31T15:21:28","guid":{"rendered":"https:\/\/www.lefortnapoleon.com\/?post_type=product&#038;p=2845"},"modified":"2024-09-23T19:28:20","modified_gmt":"2024-09-23T17:28:20","slug":"entree-au-fort-napoleon","status":"publish","type":"product","link":"https:\/\/www.lefortnapoleon.com\/index.php\/produit\/entree-au-fort-napoleon\/","title":{"rendered":"Entr\u00e9e au Fort  Napol\u00e9on"},"content":{"rendered":"","protected":false},"excerpt":{"rendered":"<p>Visiter le fort, et participez activement \u00e0 la pr\u00e9servation et \u00e0 l&#8217;entretien de ce site historique remarquable, ainsi qu&#8217;au jardin et au mus\u00e9e qui l&#8217;entourent.<\/p>\n<p>Le tarif inclut l&#8217;acc\u00e8s au jardin, au mus\u00e9e et aux balades guid\u00e9es.<\/p>\n<ul>\n<li>Adulte : + de 18 ans<\/li>\n<li>Etudiants : De 11 \u00e0 18 ans et sous pr\u00e9sentation de certificat de scolarit\u00e9 ou carte \u00e9tudiant<\/li>\n<li>Enfant : De 6 \u00e0 10 ans (gratuit\u00e9 pour les moins de 6 ans)<\/li>\n<\/ul>\n","protected":false},"author":1,"featured_media":3357,"template":"","meta":{"_acf_changed":false},"product_brand":[],"product_cat":[15],"product_tag":[],"class_list":{"0":"post-2845","1":"product","2":"type-product","3":"status-publish","4":"has-post-thumbnail","6":"product_cat-non-classe","8":"first","9":"instock","10":"shipping-taxable","11":"purchasable","12":"product-type-variable"},"acf":[],"_links":{"self":[{"href":"https:\/\/www.lefortnapoleon.com\/index.php\/wp-json\/wp\/v2\/product\/2845","targetHints":{"allow":["GET"]}}],"collection":[{"href":"https:\/\/www.lefortnapoleon.com\/index.php\/wp-json\/wp\/v2\/product"}],"about":[{"href":"https:\/\/www.lefortnapoleon.com\/index.php\/wp-json\/wp\/v2\/types\/product"}],"author":[{"embeddable":true,"href":"https:\/\/www.lefortnapoleon.com\/index.php\/wp-json\/wp\/v2\/users\/1"}],"wp:featuredmedia":[{"embeddable":true,"href":"https:\/\/www.lefortnapoleon.com\/index.php\/wp-json\/wp\/v2\/media\/3357"}],"wp:attachment":[{"href":"https:\/\/www.lefortnapoleon.com\/index.php\/wp-json\/wp\/v2\/media?parent=2845"}],"wp:term":[{"taxonomy":"product_brand","embeddable":true,"href":"https:\/\/www.lefortnapoleon.com\/index.php\/wp-json\/wp\/v2\/product_brand?post=2845"},{"taxonomy":"product_cat","embeddable":true,"href":"https:\/\/www.lefortnapoleon.com\/index.php\/wp-json\/wp\/v2\/product_cat?post=2845"},{"taxonomy":"product_tag","embeddable":true,"href":"https:\/\/www.lefortnapoleon.com\/index.php\/wp-json\/wp\/v2\/product_tag?post=2845"}],"curies":[{"name":"wp","href":"https:\/\/api.w.org\/{rel}","templated":true}]}}