{"id":2859,"date":"2024-07-31T17:42:37","date_gmt":"2024-07-31T15:42:37","guid":{"rendered":"https:\/\/www.lefortnapoleon.com\/?page_id=2859"},"modified":"2024-08-28T17:45:05","modified_gmt":"2024-08-28T15:45:05","slug":"a-propos","status":"publish","type":"page","link":"https:\/\/www.lefortnapoleon.com\/index.php\/a-propos\/","title":{"rendered":"A propos"},"content":{"rendered":"\t\t<div data-elementor-type=\"wp-page\" data-elementor-id=\"2859\" class=\"elementor elementor-2859\">\n\t\t\t\t<div class=\"elementor-element elementor-element-1316d77 e-flex e-con-boxed e-con e-parent\" data-id=\"1316d77\" data-element_type=\"container\" data-e-type=\"container\" data-settings=\"{&quot;background_background&quot;:&quot;classic&quot;}\">\n\t\t\t\t\t<div class=\"e-con-inner\">\n\t\t\t\t<div class=\"elementor-element elementor-element-00beda6 elementor-widget elementor-widget-tastyc-services-grid\" data-id=\"00beda6\" data-element_type=\"widget\" data-e-type=\"widget\" data-widget_type=\"tastyc-services-grid.default\">\n\t\t\t\t<div class=\"elementor-widget-container\">\n\t\t\t\t\t\n\t\t<!-- container -->\n\t\t<div class=\"container\">\n\n\t\t<div class=\"row tst-mb-60\">\n\t\t            <div class=\"col-lg-12\">\n\n            <!-- title -->\n            <div class=\"text-center\">\n                            <div class=\"tst-suptitle tst-suptitle-center tst-mb-15\">\n              \t<span >\n\t\t          \tLe Fort\u200b\t\t        <\/span>\n              <\/div>\n                                          <h3 class=\"tst-title--h tst-mb-30\">\n              \t<span >\n\t\t          \tMonument historique\t\t        <\/span>\n              <\/h3>\n                                          <p class=\"tst-text tst-title--desc tst-mb-60\">\n              \t<span >\n\t\t          \tPerch\u00e9 \u00e0 110 m\u00e8tres au-dessus de la mer, le Fort Napol\u00e9on de Terre-de-Haut offre une vue magnifique sur la rade des Saintes, autrefois surnomm\u00e9e la porte de la Guadeloupe. Ce fort, \u00e9troitement li\u00e9 \u00e0 l\u2019histoire des \u00eeles, refl\u00e8te un pass\u00e9 militaire.\t\t        <\/span>\n              <\/p>\n                          <\/div>\n            <!-- title end -->\n\n          <\/div>\n          \n          \t\t            <div class=\"col-lg-12\">\n\n            <!-- services box -->\n            <div class=\"tst-services-box\">\n                            <div class=\"image\"><img decoding=\"async\" src=\"https:\/\/www.lefortnapoleon.com\/wp-content\/uploads\/2024\/07\/a-propos-2.jpg\" alt=\"\" \/><\/div>\n                            <div class=\"desc\">\n                                                        <div class=\"tst-text\">\n              \t<div >\n\t        \t\t<p>Reconstruit sur les ruines du Fort Louis, d\u00e9truit en 1809 lors de la bataille pour la Guadeloupe, il rena\u00eet gr\u00e2ce \u00e0 un programme de reconstruction apr\u00e8s 1814. \u00c0 l\u2019\u00e9poque, la menace d\u2019un nouveau conflit avec les Anglais pousse les autorit\u00e9s \u00e0 construire un nouvel \u00e9difice inspir\u00e9 des principes de d\u00e9fense de Vauban. Le projet met en place un front bastionn\u00e9, reli\u00e9 par un chemin de ronde, des casemates prot\u00e9g\u00e9es par un talus et une caserne centrale. Mais cette reconstruction ne se fait pas sans l\u2019aide des habitants des Saintes, qui participent activement en apportant sable et pierres et en fabriquant le mortier.<\/p>\t        \t<\/div>\n              <\/div>\n                                      \t  <\/div>\n            <\/div>\n            <!-- services box end -->\n\n          <\/div>\n                    <div class=\"col-lg-12\">\n\n            <!-- services box -->\n            <div class=\"tst-services-box\">\n                            <div class=\"image\"><img decoding=\"async\" src=\"https:\/\/www.lefortnapoleon.com\/wp-content\/uploads\/2024\/07\/a-propos-3.jpg\" alt=\"\" \/><\/div>\n                            <div class=\"desc\">\n                                                        <div class=\"tst-text\">\n              \t<div >\n\t        \t\t<p>En 1944, le fort est abandonn\u00e9 par l\u2019arm\u00e9e et peu \u00e0 peu envahi par la nature. Ce n\u2019est qu\u2019en 1973 que des passionn\u00e9s d\u2019histoire, avec le soutien des Saintois, se mobilisent pour le d\u00e9fricher et le restaurer. Le Club du Vieux Manoir, puis l\u2019Association Saintoise de Protection du Patrimoine (ASPP) cr\u00e9\u00e9e en 1980, jouent un r\u00f4le essentiel dans cette renaissance.<\/p><p>Class\u00e9 monument historique le 15 d\u00e9cembre 1996, le Fort Napol\u00e9on est aujourd\u2019hui un lieu o\u00f9 se m\u00ealent m\u00e9moire et engagement local, t\u00e9moignant du lien fort entre la communaut\u00e9 et son patrimoine.<\/p>\t        \t<\/div>\n              <\/div>\n                                      \t  <\/div>\n            <\/div>\n            <!-- services box end -->\n\n          <\/div>\n                    \n        <\/div>\n\n        <div class=\"tst-spacer tst-spacer-only-bottom-space\"><\/div>\n\n\t\t<\/div>\n\t\t<!-- container end -->\n\n\t\t\t\t\t\t<\/div>\n\t\t\t\t<\/div>\n\t\t\t\t\t<\/div>\n\t\t\t\t<\/div>\n\t\t<div class=\"elementor-element elementor-element-d8574f1 e-flex e-con-boxed e-con e-parent\" data-id=\"d8574f1\" data-element_type=\"container\" data-e-type=\"container\" data-settings=\"{&quot;background_background&quot;:&quot;classic&quot;}\">\n\t\t\t\t\t<div class=\"e-con-inner\">\n\t\t\t\t<div class=\"elementor-element elementor-element-347aa9c elementor-widget elementor-widget-tastyc-services-grid\" data-id=\"347aa9c\" data-element_type=\"widget\" data-e-type=\"widget\" data-widget_type=\"tastyc-services-grid.default\">\n\t\t\t\t<div class=\"elementor-widget-container\">\n\t\t\t\t\t\n\t\t<!-- container -->\n\t\t<div class=\"container\">\n\n\t\t<div class=\"row tst-mb-60\">\n\t\t            <div class=\"col-lg-12\">\n\n            <!-- title -->\n            <div class=\"text-center\">\n                            <div class=\"tst-suptitle tst-suptitle-center tst-mb-15\">\n              \t<span >\n\t\t          \tSubtitle\t\t        <\/span>\n              <\/div>\n                                          <h3 class=\"tst-title--h tst-mb-30\">\n              \t<span >\n\t\t          \tL\u2019association\t\t        <\/span>\n              <\/h3>\n                                          <p class=\"tst-text tst-title--desc tst-mb-60\">\n              \t<span >\n\t\t          \tBien que les murs du fort appartiennent au D\u00e9partement, c\u2019est l\u2019ASPP qui en assure la gestion depuis 1980, \u00e0 l\u2019initiative de l\u2019ancien maire Robert Joyeux. Gr\u00e2ce \u00e0 cette collaboration entre la commune, le d\u00e9partement et l\u2019association, l\u2019histoire de l\u2019archipel des Saintes est mise en lumi\u00e8re \u00e0 travers des expositions populaires, des visites guid\u00e9es et bien d\u2019autres activit\u00e9s. En visitant le fort, vous soutenez directement les initiatives locales et les \u00e9v\u00e9nements qui animent l\u2019\u00eele, tout en participant \u00e0 la pr\u00e9servation du patrimoine saintois.\t\t        <\/span>\n              <\/p>\n                          <\/div>\n            <!-- title end -->\n\n          <\/div>\n          \n          \t\t            <div class=\"col-lg-12\">\n\n            <!-- services box -->\n            <div class=\"tst-services-box\">\n                            <div class=\"image\"><img decoding=\"async\" src=\"https:\/\/www.lefortnapoleon.com\/wp-content\/uploads\/2024\/08\/a-propos-4.jpg\" alt=\"\" \/><\/div>\n                            <div class=\"desc\">\n                                                        <div class=\"tst-text\">\n              \t<div >\n\t        \t\t<p>Depuis sa cr\u00e9ation, l\u2019ASPP s\u2019attache \u00e0 valoriser l\u2019histoire et l\u2019environnement des Saintes. Le fort \u00e9volue sans cesse pour offrir un acc\u00e8s plus riche au patrimoine naturel, historique et immat\u00e9riel. D\u00e8s 1980, des jardins ont \u00e9t\u00e9 am\u00e9nag\u00e9s en partenariat avec Baccarat et les Jardins de Monaco. Ces jardins ont m\u00eame inspir\u00e9 la cr\u00e9ation du concours \"Route des Fleurs\" sur l\u2019\u00eele en 1984. Un mus\u00e9e d\u2019art moderne a \u00e9galement vu le jour dans la caserne, enrichissant les collections locales.<\/p>\t        \t<\/div>\n              <\/div>\n                                      \t  <\/div>\n            <\/div>\n            <!-- services box end -->\n\n          <\/div>\n                    <div class=\"col-lg-12\">\n\n            <!-- services box -->\n            <div class=\"tst-services-box\">\n                            <div class=\"image\"><img decoding=\"async\" src=\"https:\/\/www.lefortnapoleon.com\/wp-content\/uploads\/2024\/08\/a-propos-5.jpg\" alt=\"\" \/><\/div>\n                            <div class=\"desc\">\n                                                        <div class=\"tst-text\">\n              \t<div >\n\t        \t\t<p>Des recherches dans les archives ont permis de publier plusieurs ouvrages, comme\u00a0<span class=\"notion-enable-hover\" data-token-index=\"1\">M\u00e9moires d\u2019hier et d\u2019aujourd\u2019hui<\/span>,\u00a0<span class=\"notion-enable-hover\" data-token-index=\"3\">Romantique Caroline<\/span>, relatant l\u2019histoire d\u2019amour avec le chevalier de Fr\u00e9minville, ou encore\u00a0<span class=\"notion-enable-hover\" data-token-index=\"5\">Petites histoires des Saintes<\/span>, \u00e9dit\u00e9 par l\u2019ASPP. L\u2019association organise \u00e9galement des comm\u00e9morations, dont le bicentenaire de la Bataille des Saintes, qui avait r\u00e9uni une soixantaine de navires sous les ordres des amiraux De Grasse et Rodney. N\u2019oublions pas non plus les \"F\u00eates de la P\u00eache\", instaur\u00e9es pour c\u00e9l\u00e9brer les techniques de p\u00eache artisanales de l\u2019\u00eele.<!-- notionvc: 7e6b2813-5aea-4384-a461-0bbfc9233aaf --><\/p><p>Le Fort Napol\u00e9on continue d'\u00e9voluer, soutenant l'acc\u00e8s et la promotion de son patrimoine naturel, historique et immat\u00e9riel.<\/p>\t        \t<\/div>\n              <\/div>\n                                      \t  <\/div>\n            <\/div>\n            <!-- services box end -->\n\n          <\/div>\n                    <div class=\"col-lg-12\">\n\n            <!-- services box -->\n            <div class=\"tst-services-box\">\n                            <div class=\"image\"><img decoding=\"async\" src=\"https:\/\/www.lefortnapoleon.com\/wp-content\/uploads\/2024\/08\/a-propos-6.jpg\" alt=\"\" \/><\/div>\n                            <div class=\"desc\">\n                                                        <div class=\"tst-text\">\n              \t<div >\n\t        \t\t<p>L\u2019ASPP, en s\u2019appuyant sur le Fort Napol\u00e9on comme point d\u2019ancrage, impulse une dynamique qui d\u00e9passe largement les murs de l\u2019\u00e9difice. Les projets initi\u00e9s par l\u2019association rayonnent sur toute l\u2019\u00eele, renfor\u00e7ant ainsi le lien entre patrimoine et communaut\u00e9. Il est essentiel de soutenir cette dynamique pour favoriser encore davantage de projets culturels et populaires au c\u0153ur de la vie saintoise.<\/p><p>Le Fort Napol\u00e9on continue d'\u00e9voluer, soutenant l'acc\u00e8s et la promotion de son patrimoine naturel, historique et immat\u00e9riel.<\/p>\t        \t<\/div>\n              <\/div>\n                                      \t  <\/div>\n            <\/div>\n            <!-- services box end -->\n\n          <\/div>\n                    \n        <\/div>\n\n        <div class=\"tst-spacer tst-spacer-only-bottom-space\"><\/div>\n\n\t\t<\/div>\n\t\t<!-- container end -->\n\n\t\t\t\t\t\t<\/div>\n\t\t\t\t<\/div>\n\t\t\t\t\t<\/div>\n\t\t\t\t<\/div>\n\t\t\t\t<section class=\"elementor-section elementor-top-section elementor-element elementor-element-20cf8371 elementor-section-full_width elementor-section-height-default elementor-section-height-default\" data-id=\"20cf8371\" data-element_type=\"section\" data-e-type=\"section\">\n\t\t\t\t\t\t<div class=\"elementor-container elementor-column-gap-no\">\n\t\t\t\t\t<div class=\"elementor-column elementor-col-100 elementor-top-column elementor-element elementor-element-2b6a91c\" data-id=\"2b6a91c\" data-element_type=\"column\" data-e-type=\"column\">\n\t\t\t<div class=\"elementor-widget-wrap elementor-element-populated\">\n\t\t\t\t\t\t<div class=\"elementor-element elementor-element-d06dc49 elementor-widget elementor-widget-tastyc-section-divider\" data-id=\"d06dc49\" data-element_type=\"widget\" data-e-type=\"widget\" data-widget_type=\"tastyc-section-divider.default\">\n\t\t\t\t<div class=\"elementor-widget-container\">\n\t\t\t\t\t\n\t\t<div class=\"tst-spacer  tst-spacer-only-bottom-space\"><\/div>\n\n\t\t\t\t\t\t<\/div>\n\t\t\t\t<\/div>\n\t\t\t\t<section class=\"elementor-section elementor-inner-section elementor-element elementor-element-45528b2e elementor-section-full_width elementor-section-height-default elementor-section-height-default\" data-id=\"45528b2e\" data-element_type=\"section\" data-e-type=\"section\">\n\t\t\t\t\t\t<div class=\"elementor-container elementor-column-gap-no\">\n\t\t\t\t\t<div class=\"elementor-column elementor-col-100 elementor-inner-column elementor-element elementor-element-2e7c9159\" data-id=\"2e7c9159\" data-element_type=\"column\" data-e-type=\"column\">\n\t\t\t<div class=\"elementor-widget-wrap elementor-element-populated\">\n\t\t\t\t\t\t<div class=\"elementor-element elementor-element-4d8ca977 elementor-widget elementor-widget-tastyc-section-heading\" data-id=\"4d8ca977\" data-element_type=\"widget\" data-e-type=\"widget\" data-widget_type=\"tastyc-section-heading.default\">\n\t\t\t\t<div class=\"elementor-widget-container\">\n\t\t\t\t\t\n\t\t<!-- section heading -->\n\t\t<div class=\"container\">\n\n\t\t<div class=\"row\">\n\t\t            <div class=\"col-lg-12\">\n\n            <!-- title -->\n            <div class=\"text-center\">\n                            <div class=\"tst-suptitle tst-suptitle-center tst-mb-15\">\n              \t<span >\n\t\t          \tL'association\t\t        <\/span>\n              <\/div>\n                                          <h3 class=\"tst-title--h tst-mb-30\">\n              \t<span >\n\t\t          \tNos membres\t\t        <\/span>\n              <\/h3>\n                                          <p class=\"tst-text tst-title--desc tst-mb-60\">\n              \t<span >\n\t\t          \t\n\t\t        <\/span>\n              <\/p>\n                          <\/div>\n            <!-- title end -->\n\n          <\/div>\n          \n                  <\/div>\n\n\t\t<\/div>\n\n\t\t\t\t\t\t<\/div>\n\t\t\t\t<\/div>\n\t\t\t\t\t<\/div>\n\t\t<\/div>\n\t\t\t\t\t<\/div>\n\t\t<\/section>\n\t\t\t\t\t<\/div>\n\t\t<\/div>\n\t\t\t\t\t<\/div>\n\t\t<\/section>\n\t\t<div class=\"elementor-element elementor-element-ca4d9cd e-con-full e-flex e-con e-parent\" data-id=\"ca4d9cd\" data-element_type=\"container\" data-e-type=\"container\" data-settings=\"{&quot;background_background&quot;:&quot;classic&quot;}\">\n\t\t\t\t<div class=\"elementor-element elementor-element-57b4cde elementor-widget__width-initial elementor-widget elementor-widget-html\" data-id=\"57b4cde\" data-element_type=\"widget\" data-e-type=\"widget\" data-widget_type=\"html.default\">\n\t\t\t\t<div class=\"elementor-widget-container\">\n\t\t\t\t\t<style>\r\n    .col-wrap {\r\n        margin-block-end: 2rem;\r\n    }\r\n\r\n    .col-wrap:after {\r\n        content: \"\";\r\n        display: block;\r\n        position: relative !important;\r\n        margin-inline: auto;\r\n        height: 3px;\r\n        border-radius: 2px;\r\n        background: #64a318;\r\n        width: 35%;\r\n    }\r\n\r\n    \/* .col-wrap:last-child::after {\r\n        content: none;\r\n    } *\/\r\n\r\n    .col-wrap h4 {\r\n        margin-block-end: 1.5rem;\r\n    }\r\n\r\n    .cols-2 {\r\n        column-count: 2;\r\n        column-gap: 20px;\r\n        margin-block-end: 2rem;\r\n    }\r\n\r\n    .cols-3 {\r\n        column-count: 3;\r\n        column-gap: 20px;\r\n        margin-block-end: 2rem;\r\n    }\r\n\r\n    .col-2 li {\r\n        padding: 2px;\r\n    }\r\n\r\n    @media (width <= 990px) {\r\n        .cols-2 {\r\n            column-count: 1;\r\n        }\r\n\r\n        .cols-3 {\r\n            column-count: 1;\r\n        }\r\n    }\r\n<\/style>\r\n\r\n\r\n<div>\r\n    <div class=\"col-wrap\">\r\n        <h4>Les pr\u00e9sidents de l\u2019ASPP<\/h4>\r\n        <ul class=\"cols-2\" type=\"square\">\r\n            <li>Robert Joyeux<\/li>\r\n            <li>Patrick Peron<\/li>\r\n            <li>Jackie Cauet, Membre d\u2019honneur<\/li>\r\n            <li>Bernard Tarquin<\/li>\r\n            <li>R\u00e9my Cassin<\/li>\r\n        <\/ul>\r\n    <\/div>\r\n    <div class=\"col-wrap\">\r\n        <h4>Le bureau actuel<\/h4>\r\n        <ul class=\"cols-3\" type=\"square\">\r\n            <li>Pr\u00e9sident : R\u00e9my Cassin<\/li>\r\n            <li>Vice pr\u00e9sidente : Ingrid Angie Tarquin<\/li>\r\n            <li>Tr\u00e9sorier : Samir Djaafer<\/li>\r\n            <li>Secr\u00e9taire : C\u00e9line Samson<\/li>\r\n            <li>Membre : Christian Pineau<\/li>\r\n            <li>Membre : Gilbert Cassin<\/li>\r\n            <li>Membre : Bernard Tarquin<\/li>\r\n        <\/ul>\r\n    <\/div>\r\n    <div class=\"col-wrap\">\r\n        <h4>Les employ\u00e9s de l\u2019ASPP<\/h4>\r\n        <ul class=\"\" type=\"square\">\r\n            <li>Directrice : Christelle Judes<\/li>\r\n            <li>Equipe : Erwan Gelinet, Joseph Maisonneuve, Jean Claude Cassin, Blondine Cassin, Franciane Tarquin,\r\n                Solange Belenus, Nathan Belenus, Emmanuelle Samson, Hubertine Foy<\/li>\r\n\r\n        <\/ul>\r\n    <\/div>\r\n<\/div>\t\t\t\t<\/div>\n\t\t\t\t<\/div>\n\t\t\t\t<div class=\"elementor-element elementor-element-0a6f653 elementor-widget__width-initial elementor-widget elementor-widget-text-editor\" data-id=\"0a6f653\" data-element_type=\"widget\" data-e-type=\"widget\" data-widget_type=\"text-editor.default\">\n\t\t\t\t<div class=\"elementor-widget-container\">\n\t\t\t\t\t\t\t\t\t<h5 class=\"mb-3\">Comment devenir membre ?<\/h5>\n\n<p>Pour \u00eatre membre, il faut \u00eatre pr\u00e9sent\u00e9 par un membre de l\u2019Association et \u00eatre agr\u00e9\u00e9 par le Conseil d\u2019Administration.<\/p>\n\n<p>Vous pouvez envoyer votre demande \u00e0 l\u2019adresse mail du Fort Napol\u00e9on :\u00a0<a href=\"mailto:fortnapoleon97137@gmail.com\">fortnapoleon97137@gmail.com<\/a>, ou vous rapprocher directement de l\u2019un des membres du bureau.<\/p>\n\n<h5 class=\"mb-3\">Faire un don<\/h5>\n\n<p>\nPour soutenir davantage les actions du Fort Napol\u00e9on, vous pouvez faire un don financier ou un apport de biens (photographies, lettres, livres, tableaux, etc). Veuillez-nous contacter via notre espace \u00ab\u00a0Contact\u00a0\u00bb.<\/p>\n\n<h5 class=\"mb-3\">Participer aux expositions<\/h5>\n\n<p>Parmi les dix-nuits salles, l\u2019une d\u2019entre elles est d\u00e9di\u00e9e aux expositions temporaires. Si vous \u00eates commissaire d\u2019expositions, artistes, historiens, associations culturelles, autre mus\u00e9e, ou que vous avez tout simplement un projet d\u2019exposition, vous pouvez nous faire part de votre projet via notre espace \u00ab\u00a0Contact\u00a0\u00bb.<\/p>\n\n<!-- notionvc: f15d1840-8c73-432f-adaf-432b401980da -->\t\t\t\t\t\t\t\t<\/div>\n\t\t\t\t<\/div>\n\t\t\t\t<\/div>\n\t\t\t\t<\/div>\n\t\t","protected":false},"excerpt":{"rendered":"<p>Le Fort\u200b Monument historique Perch\u00e9 \u00e0 110 m\u00e8tres au-dessus de la mer, le Fort Napol\u00e9on de Terre-de-Haut offre une vue magnifique sur la rade des Saintes, autrefois surnomm\u00e9e la porte de la Guadeloupe. Ce fort, \u00e9troitement li\u00e9 \u00e0 l\u2019histoire des \u00eeles, refl\u00e8te un pass\u00e9 militaire. Reconstruit sur les ruines du Fort Louis, d\u00e9truit en 1809 lors de la bataille pour&#8230; <span class=\"tst-el-more\"><a href=\"https:\/\/www.lefortnapoleon.com\/index.php\/a-propos\/\" class=\"tst-label tst-color tst-anima-link\">Read more<span class=\"screen-reader-text\">Read moreA propos<\/span><\/a><\/span><\/p>\n","protected":false},"author":1,"featured_media":0,"parent":0,"menu_order":2,"comment_status":"closed","ping_status":"closed","template":"template-layout-builder.php","meta":{"_acf_changed":false,"footnotes":""},"class_list":["post-2859","page","type-page","status-publish","hentry"],"acf":[],"_links":{"self":[{"href":"https:\/\/www.lefortnapoleon.com\/index.php\/wp-json\/wp\/v2\/pages\/2859","targetHints":{"allow":["GET"]}}],"collection":[{"href":"https:\/\/www.lefortnapoleon.com\/index.php\/wp-json\/wp\/v2\/pages"}],"about":[{"href":"https:\/\/www.lefortnapoleon.com\/index.php\/wp-json\/wp\/v2\/types\/page"}],"author":[{"embeddable":true,"href":"https:\/\/www.lefortnapoleon.com\/index.php\/wp-json\/wp\/v2\/users\/1"}],"replies":[{"embeddable":true,"href":"https:\/\/www.lefortnapoleon.com\/index.php\/wp-json\/wp\/v2\/comments?post=2859"}],"version-history":[{"count":151,"href":"https:\/\/www.lefortnapoleon.com\/index.php\/wp-json\/wp\/v2\/pages\/2859\/revisions"}],"predecessor-version":[{"id":3457,"href":"https:\/\/www.lefortnapoleon.com\/index.php\/wp-json\/wp\/v2\/pages\/2859\/revisions\/3457"}],"wp:attachment":[{"href":"https:\/\/www.lefortnapoleon.com\/index.php\/wp-json\/wp\/v2\/media?parent=2859"}],"curies":[{"name":"wp","href":"https:\/\/api.w.org\/{rel}","templated":true}]}}